{"id":299,"date":"2018-06-14T22:28:10","date_gmt":"2018-06-14T20:28:10","guid":{"rendered":"http:\/\/gabinetpaja.pl\/?page_id=299"},"modified":"2019-05-12T22:40:32","modified_gmt":"2019-05-12T20:40:32","slug":"one-page-express","status":"publish","type":"page","link":"https:\/\/gabinetpaja.pl\/","title":{"rendered":"Front Page"},"content":{"rendered":"<div  data-label=\"Overlapable\" data-id=\"stripped-coloured-icon-boxes\" data-category=\"overlapable\" class=\"features-coloured-icon-boxes-section stripped-coloured-icon-boxes\" data-overlap=\"true\" id=\"overlapable-2\" style=\"background-color: rgb(255, 255, 255);\"> <div  class=\"gridContainer\"> <div  class=\"features-coloured-icon-boxes-innerrow flexbox-list dark-text\" data-type=\"row\">  <div  class=\"features-coloured-icon-boxes-featurecol cp4cols\">  <h4  class=\"\">PONAD 10 LAT DO\u015aWIADCZENIA<\/h4> <p  class=\"\">Po prawie dziesi\u0119ciu latach funkcjonowania <br >w Warszawie, w 2018 roku otworzyli\u015bmy <br >gabinet w Le\u015bniakowi\u017anie <br >(okolice Wo\u0142omina).<br >Nie wymagamy skierowania, nie obowi\u0105zuje <br >u nas rejonizacja, nie ma r\u00f3wnie\u017c <br >konieczno\u015bci d\u0142ugiego oczekiwania <br >na wizyt\u0119.<\/p> <a  class=\"features-coloured-button\" href=\"https:\/\/gabinetpaja.pl?page_id=171\" target=\"_self\">DOWIEDZ SI\u0118 WI\u0118CEJ<\/a> <\/div> <div  class=\"features-coloured-icon-boxes-featurecol cp4cols\">  <h4  class=\"\">ZR\u00d3\u017bNICOWANIE TERAPII<\/h4> <p  class=\"\">Ka\u017cd\u0105 terapi\u0119 dostosowujemy <br >do indywidualnych potrzeb pacjenta. <br >Integracja sensoryczna, Biofeedback, Warnke to jedne z wielu terapii stosowanych w naszym gabinecie. Pomagamy tak\u017ce dzieciom <br >z orzeczeniem. Realizujemy zalecenia z opinii innych Poradni. Zapewniamy pe\u0142en profesjonalizm.<\/p> <a  class=\"features-coloured-button\" href=\"https:\/\/gabinetpaja.pl?page_id=285#1529106859745-06189253-c3a4\" target=\"_self\">DOWIEDZ SI\u0118 WI\u0118CEJ<\/a> <\/div> <div  class=\"features-coloured-icon-boxes-featurecol cp4cols\">  <h4  class=\"\">Mini-QEEG<\/h4> <p  class=\"\">Mini-QEEG jest nieinwazyjn\u0105 metod\u0105 diagnostyczn\u0105  umo\u017cliwiaj\u0105c\u0105  wychwycenie dysharmonii w funkcjonowaniu obu p\u00f3\u0142kul.  Dostarcza ona wielu cennych<br >informacji potrzebnych do planowania terapii EEG \u2013 Biofeedback. Narz\u0119dzie to dostarcza<br >wiarygodnych marker\u00f3w dysfunkcji m\u00f3zgu.<\/p> <a  class=\"features-coloured-button\" href=\"https:\/\/gabinetpaja.pl?page_id=285#1555543404616-d38ec7d8-a013\" target=\"_self\">DOWIEDZ SI\u0118 WI\u0118CEJ<\/a> <\/div> <\/div> <\/div><\/div><div  data-label=\"Content\" data-id=\"content-image-right\" data-category=\"content\" class=\"content-right-image-section content-image-right\" id=\"content-4\" style=\"background-color: rgb(246, 246, 246);\"> <div  class=\"gridContainer\"> <div  class=\"content-right-image-gridcol\"> <div  class=\"content-right-image-textcol dynamic-color\" data-type=\"column\"> <h2  class=\"\">O nas<\/h2> <p  class=\"large_text\"> Gabinetu terapii dzieci\u0119cej \u201ePAJA\u201d jest prywatnym o\u015brodkiem, istniej\u0105cym od 2009 r.,  przyjaznym dzieciom z zaburzeniami przetwarzania sensorycznego.<\/p>  <\/div> <div  class=\"content-right-image-imgcol\" data-type=\"column\"> <img decoding=\"async\"  src=\"https:\/\/gabinetpaja.pl\/wp-content\/uploads\/2018\/04\/cert.png\" class=\"\"> <\/div> <\/div> <\/div> <\/div><div  data-label=\"Numbers\" data-id=\"numbers-section\" data-category=\"numbers\" data-bg=\"transparent\" class=\"numbers-section\" data-parallax-depth=\"20\" id=\"numbers\"> <div  class=\"gridContainer dynamic-color\"> <div  class=\"numbers-itemcol\"> <h2  class=\"numbers-numbertext\">INTEGRACJA SENSORYCZNA <\/h2> <h3  class=\"numbers-titletext\">od 10 lat<\/h3> <\/div> <div  class=\"numbers-itemcol\"> <h2  class=\"numbers-numbertext\">EEG <br >BIOFEEDBACK<\/h2> <h3  class=\"numbers-titletext\">od 5 lat<\/h3> <\/div> <div  class=\"numbers-itemcol-last\"> <h2  class=\"numbers-numbertext\">METODA  <br >WARNKEGO<\/h2> <h3  class=\"numbers-titletext\">od 2 lat<\/h3> <\/div> <\/div><\/div><div  data-label=\"Features\" data-id=\"features-small-icon-cards-section\" data-category=\"features\" class=\"features-small-icon-cards-section\" id=\"features-5\" style=\"background-color: rgb(255, 255, 255);\"> <div  class=\"gridContainer\"> <div  class=\"features-small-icon-cards-textrow\"> <div  class=\"features-small-icon-cards-textcol dynamic-color\" data-type=\"column\"> <h2  class=\"\">Czy zauwa\u017casz u dziecka?<\/h2> <p  class=\"\">\u2013 problemy z koncentracj\u0105<br >\u2013 trudno\u015bci w kontaktach z r\u00f3wie\u015bnikami<br >-k\u0142opoty z emocjami<br >\u2013 problemy z przetwarzaniem s\u0142uchowym<br >\u2013 nierozumienie polece\u0144<br >\u2013 k\u0142opoty z motoryk\u0105 ma\u0142\u0105<br >\u2013 k\u0142opoty z motoryk\u0105 du\u017c\u0105<br >\u2013 nadruchliwo\u015b\u0107, nadpobudliwo\u015b\u0107<br >\u2013 k\u0142opoty z r\u00f3wnowag\u0105<br >\u2013 agresj\u0119 wobec r\u00f3wie\u015bnik\u00f3w<br >\u2013 nie\u015bmia\u0142o\u015b\u0107, niepewno\u015b\u0107 siebie<br >\u2013 obni\u017cone lub podwy\u017cszone <br >\u2013 napi\u0119cie ruchowe<br >\u2013 nadwra\u017cliwo\u015b\u0107 dotykow\u0105 <\/p> <\/div> <\/div> <div  class=\"features-small-icon-cards-featuresrow dark-text\" data-type=\"row\">      <div  class=\"features-small-icon-cards-featcol cp12cols\"> <div  class=\"features-small-icon-cards-featinnerrow\"> <div  class=\"features-small-icon-cards-iconcol\" data-preview-empty=\"1\">  <\/div> <div  class=\"features-small-icon-cards-feattextcol\" data-type=\"column\">   <\/div> <\/div> <\/div> <\/div> <\/div><\/div><div  data-label=\"Call to action\" data-id=\"cta-blue-section\" data-category=\"cta\" class=\"cta-blue-section\" id=\"cta-1\"> <div  class=\"gridContainer\"> <div  class=\"flexbox-list flexbox-list-align-center row\"> <div  class=\"cta-blue-textcol dynamic-color\"> <h2  class=\"cta-blue-text\">Pozw\u00f3l odkrywa\u0107 swojemu dziecku \u015bwiat w pe\u0142ni.<\/h2> <\/div> <div  class=\"cta-blue-btncol\"> <a  class=\"button big yellow dark-text\" href=\"#\" target=\"_self\"> JU\u017b DZISIAJ UM\u00d3W SI\u0118 NA WIZYT\u0118 <\/a> <\/div> <\/div> <\/div> <\/div><div  data-label=\"Features\" data-id=\"features-small-image-cards-section\" data-category=\"features\" class=\"features-small-image-cards-section\" style=\"background-color: rgb(246, 246, 246);\" id=\"features-6\"> <div  class=\"gridContainer\"> <div  class=\"features-small-image-cards-textrow\"> <div  class=\"features-small-image-cards-textcol dynamic-color\" data-type=\"column\"> <h2  class=\"\">Rodzaje Terapii<\/h2>  <\/div> <\/div> <div  class=\"features-small-image-cards-featrow dark-text\" data-type=\"row\"> <div  class=\"features-small-image-cards-featcol\"> <div  class=\"features-small-image-cards-featinnerrow flexbox-list\"> <div  class=\"features-small-image-cards-imgcol\" data-bg=\"image\" style=\"background-image: url(&quot;https:\/\/gabinetpaja.pl\/wp-content\/uploads\/2018\/04\/si.jpg&quot;);\"><\/div> <div  class=\"features-small-image-cards-featcol-feattextcol\" data-type=\"column\"> <h4  class=\"heading103\">Integracja Sensoryczna<\/h4> <p  class=\"\">Uczy odpowiedniej reakcji na bod\u017ace: wzrokowe, s\u0142uchowe, dotykowe, w\u0119chowe i smakowe\u2026<\/p> <hr  class=\"features-small-image-cards-separator\"><a  href=\"https:\/\/gabinetpaja.pl?page_id=285#1529106859745-06189253-c3a4\" class=\"\" target=\"_self\">Dowiedz si\u0119 wi\u0119cej <\/a> <\/div> <\/div> <\/div> <div  class=\"features-small-image-cards-featcol\"> <div  class=\"features-small-image-cards-featinnerrow flexbox-list\"> <div  class=\"features-small-image-cards-imgcol\" data-bg=\"image\" style=\"background-image: url(&quot;https:\/\/gabinetpaja.pl\/wp-content\/uploads\/2018\/04\/taktylna.jpg&quot;);\"><\/div> <div  class=\"features-small-image-cards-featcol-feattextcol\" data-type=\"column\"> <h4  class=\"heading103\">Terapia R\u0119ki<\/h4> <p  class=\"\">Ma na celu usprawnianie tzw. ma\u0142ej motoryki, czyli precyzyjnych ruch\u00f3w d\u0142oni i palc\u00f3w\u2026<\/p> <hr  class=\"features-small-image-cards-separator\"><a  href=\"https:\/\/gabinetpaja.pl?page_id=285#1529106859745-c39e1f38-9006\" class=\"\" target=\"_self\">Dowiedz si\u0119 wi\u0119cej <\/a> <\/div> <\/div> <\/div> <div  class=\"features-small-image-cards-featcol\"> <div  class=\"features-small-image-cards-featinnerrow flexbox-list\"> <div  class=\"features-small-image-cards-imgcol\" data-bg=\"image\" style=\"background-image: url(&quot;https:\/\/gabinetpaja.pl\/wp-content\/uploads\/2018\/04\/terapia_reki.jpg&quot;);\"><\/div> <div  class=\"features-small-image-cards-featcol-feattextcol\" data-type=\"column\"> <h4  class=\"heading103\">Terapia Taktylna<\/h4> <p  class=\"\">Jest metod\u0105 pracy z dzie\u0107mi z trudno\u015bciami <br >w psychoruchowym rozwoju\u2026<\/p> <hr  class=\"features-small-image-cards-separator\"><a  href=\"https:\/\/gabinetpaja.pl?page_id=285#1529106859745-c39e1f38-9006\" class=\"\" target=\"_self\">Dowiedz si\u0119 wi\u0119cej <\/a> <\/div> <\/div> <\/div> <div  class=\"features-small-image-cards-featcol\"> <div  class=\"features-small-image-cards-featinnerrow flexbox-list\"> <div  class=\"features-small-image-cards-imgcol\" data-bg=\"image\" style=\"background-image: url(&quot;https:\/\/gabinetpaja.pl\/wp-content\/uploads\/2018\/04\/biofeedback.jpg&quot;);\"><\/div> <div  class=\"features-small-image-cards-featcol-feattextcol\" data-type=\"column\"> <h4  class=\"heading103\">Terapia Biofeedback<\/h4> <p  class=\"\">Pomaga szybciej i lepiej przyswaja\u0107 nowe informacje, w tym uczy\u0107 si\u0119 j\u0119zyk\u00f3w\u2026<\/p> <hr  class=\"features-small-image-cards-separator\"><a  href=\"https:\/\/gabinetpaja.pl?page_id=285#1529106859745-c39e1f38-90063\" class=\"\" target=\"_self\">Dowiedz si\u0119 wi\u0119cej <\/a> <\/div> <\/div> <\/div> <div  class=\"features-small-image-cards-featcol\"> <div  class=\"features-small-image-cards-featinnerrow flexbox-list\"> <div  class=\"features-small-image-cards-imgcol\" data-bg=\"image\" style=\"background-image: url(&quot;https:\/\/gabinetpaja.pl\/wp-content\/uploads\/2018\/04\/terapia_odruchu.jpg&quot;);\"><\/div> <div  class=\"features-small-image-cards-featcol-feattextcol\" data-type=\"column\"> <h4  class=\"heading103\">Terapia Integracji Odruch\u00f3w <\/h4> <p  class=\"\">Ma na celu zintegrowanie przetrwa\u0142ych odruch\u00f3w niemowl\u0119cych\u2026<\/p> <hr  class=\"features-small-image-cards-separator\"><a  href=\"https:\/\/gabinetpaja.pl?page_id=285#1529106859745-c39e1f38-9006\" class=\"\" target=\"_self\">Dowiedz si\u0119 wi\u0119cej <\/a> <\/div> <\/div> <\/div><div  class=\"features-small-image-cards-featcol\"> <div  class=\"features-small-image-cards-featinnerrow flexbox-list\"> <div  class=\"features-small-image-cards-imgcol\" data-bg=\"image\" style=\"background-image: url(&quot;https:\/\/gabinetpaja.pl\/wp-content\/uploads\/2018\/04\/Metoda-Warnkego.jpg&quot;);\"><\/div> <div  class=\"features-small-image-cards-featcol-feattextcol\" data-type=\"column\"> <h4  class=\"heading103\">Terapia Warnkego<\/h4> <p  class=\"\">Opracowana dla potrzeb os\u00f3b ze specyficznymi trudno\u015bciami w czytaniu i pisaniu\u2026<\/p> <hr  class=\"features-small-image-cards-separator\"><a  href=\"https:\/\/gabinetpaja.pl?page_id=285#1529106859745-c39e1f38-9006\" class=\"\" target=\"_self\">Dowiedz si\u0119 wi\u0119cej <\/a> <\/div> <\/div> <\/div><div  class=\"features-small-image-cards-featcol\"> <div  class=\"features-small-image-cards-featinnerrow flexbox-list\"> <div  class=\"features-small-image-cards-imgcol\" data-bg=\"image\" style=\"background-image: url(&quot;https:\/\/gabinetpaja.pl\/wp-content\/uploads\/2019\/04\/12.jpg&quot;);\"><\/div> <div  class=\"features-small-image-cards-featcol-feattextcol\" data-type=\"column\"> <h4  class=\"heading103\">Mini-QEEG <\/h4> <p  class=\"\">Nieinwazyjna metoda diagnostyczna dostarczaj\u0105ca wielu cennych informacji \u2026<\/p> <hr  class=\"features-small-image-cards-separator\"><a  href=\"https:\/\/gabinetpaja.pl?page_id=285#1555543404616-d38ec7d8-a013\" class=\"\" target=\"_self\">Dowiedz si\u0119 wi\u0119cej <\/a> <\/div> <\/div> <\/div><\/div> <\/div><\/div>","protected":false},"excerpt":{"rendered":"<p>PONAD 10 LAT DO\u015aWIADCZENIA Po prawie dziesi\u0119ciu latach funkcjonowania w Warszawie, w 2018 roku otworzyli\u015bmy gabinet w Le\u015bniakowi\u017anie (okolice Wo\u0142omina).Nie wymagamy skierowania, nie obowi\u0105zuje u nas rejonizacja, nie ma r\u00f3wnie\u017c konieczno\u015bci d\u0142ugiego oczekiwania na wizyt\u0119. DOWIEDZ SI\u0118 WI\u0118CEJ ZR\u00d3\u017bNICOWANIE TERAPII Ka\u017cd\u0105 terapi\u0119 dostosowujemy do indywidualnych potrzeb pacjenta. Integracja sensoryczna, Biofeedback, Warnke to jedne z wielu&hellip; <br \/> <a class=\"button small blue\" href=\"https:\/\/gabinetpaja.pl\/\">Read more<\/a><\/p>\n","protected":false},"author":3,"featured_media":0,"parent":0,"menu_order":0,"comment_status":"closed","ping_status":"closed","template":"","meta":{"footnotes":""},"class_list":["post-299","page","type-page","status-publish","hentry"],"_links":{"self":[{"href":"https:\/\/gabinetpaja.pl\/index.php?rest_route=\/wp\/v2\/pages\/299"}],"collection":[{"href":"https:\/\/gabinetpaja.pl\/index.php?rest_route=\/wp\/v2\/pages"}],"about":[{"href":"https:\/\/gabinetpaja.pl\/index.php?rest_route=\/wp\/v2\/types\/page"}],"author":[{"embeddable":true,"href":"https:\/\/gabinetpaja.pl\/index.php?rest_route=\/wp\/v2\/users\/3"}],"replies":[{"embeddable":true,"href":"https:\/\/gabinetpaja.pl\/index.php?rest_route=%2Fwp%2Fv2%2Fcomments&post=299"}],"version-history":[{"count":87,"href":"https:\/\/gabinetpaja.pl\/index.php?rest_route=\/wp\/v2\/pages\/299\/revisions"}],"predecessor-version":[{"id":586,"href":"https:\/\/gabinetpaja.pl\/index.php?rest_route=\/wp\/v2\/pages\/299\/revisions\/586"}],"wp:attachment":[{"href":"https:\/\/gabinetpaja.pl\/index.php?rest_route=%2Fwp%2Fv2%2Fmedia&parent=299"}],"curies":[{"name":"wp","href":"https:\/\/api.w.org\/{rel}","templated":true}]}}