{"id":173,"date":"2018-04-04T22:22:41","date_gmt":"2018-04-04T20:22:41","guid":{"rendered":"http:\/\/gabinetpaja.pl\/?page_id=173"},"modified":"2025-03-18T17:11:24","modified_gmt":"2025-03-18T16:11:24","slug":"kontakt","status":"publish","type":"page","link":"https:\/\/gabinetpaja.pl\/?page_id=173","title":{"rendered":"Kontakt"},"content":{"rendered":"<p>[vc_row][vc_column][vc_column_text]<\/p>\n<p style=\"text-align: center;\"><strong>GABINET TERAPII DZIECI\u0118CEJ PAJA<\/strong><br \/>\nul. Kasprzykiewicza 131<br \/>\nLe\u015bniakowizna<br \/>\n05-200 Wo\u0142omin<\/p>\n<p style=\"text-align: center;\">Tel.: 516 249 872<br \/>\nNIP: 1251745152<br \/>\nRegon: 52431720<\/p>\n<p style=\"text-align: center;\"><a href=\"mailto:biuro@gabinetpaja.pl\">biuro@gabinetpaja.pl<\/a><\/p>\n<p style=\"text-align: center;\">Nr konta: 20 1160 2202 0000 0006 4605 1193<\/p>\n<p>[\/vc_column_text][\/vc_column][\/vc_row][vc_row][vc_column][vc_gmaps link=&#8221;#E-8_JTNDaWZyYW1lJTIwc3JjJTNEJTIyaHR0cHMlM0ElMkYlMkZ3d3cuZ29vZ2xlLmNvbSUyRm1hcHMlMkZlbWJlZCUzRnBiJTNEJTIxMW0xOCUyMTFtMTIlMjExbTMlMjExZDI0MzguOTQzMDM1NDg0MTk1JTIxMmQyMS4yNjcyNDczMTU5NzA5NzclMjEzZDUyLjMxNzAzNjE1OTAwMzA0NSUyMTJtMyUyMTFmMCUyMTJmMCUyMTNmMCUyMTNtMiUyMTFpMTAyNCUyMTJpNzY4JTIxNGYxMy4xJTIxM20zJTIxMW0yJTIxMXMweDQ3MWVkMDg0YTk5OGIzZWYlMjUzQTB4NDY4NDdmZWU4NDEyNGJhMSUyMTJzS2FzcHJ6eWtpZXdpY3phJTJCMTMxJTI1MkMlMkJMZSUyNUM1JTI1OUJuaWFrb3dpem5hJTIxNWUwJTIxM20yJTIxMXNwbCUyMTJzcGwlMjE0djE1MjI4NzMzNDY1MjglMjIlMjB3aWR0aCUzRCUyMjYwMCUyMiUyMGhlaWdodCUzRCUyMjQ1MCUyMiUyMGZyYW1lYm9yZGVyJTNEJTIyMCUyMiUyMHN0eWxlJTNEJTIyYm9yZGVyJTNBMCUyMiUyMGFsbG93ZnVsbHNjcmVlbiUzRSUzQyUyRmlmcmFtZSUzRQ==&#8221;][\/vc_column][\/vc_row]<\/p>\n","protected":false},"excerpt":{"rendered":"<p>[vc_row][vc_column][vc_column_text] GABINET TERAPII DZIECI\u0118CEJ PAJA ul. Kasprzykiewicza 131 Le\u015bniakowizna 05-200 Wo\u0142omin Tel.: 516 249 872 NIP: 1251745152 Regon: 52431720 biuro@gabinetpaja.pl Nr konta: 20 1160 2202 0000 0006 4605 1193 [\/vc_column_text][\/vc_column][\/vc_row][vc_row][vc_column][vc_gmaps link=&#8221;#E-8_JTNDaWZyYW1lJTIwc3JjJTNEJTIyaHR0cHMlM0ElMkYlMkZ3d3cuZ29vZ2xlLmNvbSUyRm1hcHMlMkZlbWJlZCUzRnBiJTNEJTIxMW0xOCUyMTFtMTIlMjExbTMlMjExZDI0MzguOTQzMDM1NDg0MTk1JTIxMmQyMS4yNjcyNDczMTU5NzA5NzclMjEzZDUyLjMxNzAzNjE1OTAwMzA0NSUyMTJtMyUyMTFmMCUyMTJmMCUyMTNmMCUyMTNtMiUyMTFpMTAyNCUyMTJpNzY4JTIxNGYxMy4xJTIxM20zJTIxMW0yJTIxMXMweDQ3MWVkMDg0YTk5OGIzZWYlMjUzQTB4NDY4NDdmZWU4NDEyNGJhMSUyMTJzS2FzcHJ6eWtpZXdpY3phJTJCMTMxJTI1MkMlMkJMZSUyNUM1JTI1OUJuaWFrb3dpem5hJTIxNWUwJTIxM20yJTIxMXNwbCUyMTJzcGwlMjE0djE1MjI4NzMzNDY1MjglMjIlMjB3aWR0aCUzRCUyMjYwMCUyMiUyMGhlaWdodCUzRCUyMjQ1MCUyMiUyMGZyYW1lYm9yZGVyJTNEJTIyMCUyMiUyMHN0eWxlJTNEJTIyYm9yZGVyJTNBMCUyMiUyMGFsbG93ZnVsbHNjcmVlbiUzRSUzQyUyRmlmcmFtZSUzRQ==&#8221;][\/vc_column][\/vc_row]<\/p>\n","protected":false},"author":2,"featured_media":0,"parent":0,"menu_order":0,"comment_status":"closed","ping_status":"closed","template":"","meta":{"footnotes":""},"class_list":["post-173","page","type-page","status-publish","hentry"],"_links":{"self":[{"href":"https:\/\/gabinetpaja.pl\/index.php?rest_route=\/wp\/v2\/pages\/173"}],"collection":[{"href":"https:\/\/gabinetpaja.pl\/index.php?rest_route=\/wp\/v2\/pages"}],"about":[{"href":"https:\/\/gabinetpaja.pl\/index.php?rest_route=\/wp\/v2\/types\/page"}],"author":[{"embeddable":true,"href":"https:\/\/gabinetpaja.pl\/index.php?rest_route=\/wp\/v2\/users\/2"}],"replies":[{"embeddable":true,"href":"https:\/\/gabinetpaja.pl\/index.php?rest_route=%2Fwp%2Fv2%2Fcomments&post=173"}],"version-history":[{"count":9,"href":"https:\/\/gabinetpaja.pl\/index.php?rest_route=\/wp\/v2\/pages\/173\/revisions"}],"predecessor-version":[{"id":666,"href":"https:\/\/gabinetpaja.pl\/index.php?rest_route=\/wp\/v2\/pages\/173\/revisions\/666"}],"wp:attachment":[{"href":"https:\/\/gabinetpaja.pl\/index.php?rest_route=%2Fwp%2Fv2%2Fmedia&parent=173"}],"curies":[{"name":"wp","href":"https:\/\/api.w.org\/{rel}","templated":true}]}}